{"id":120,"date":"2020-01-27T20:19:50","date_gmt":"2020-01-27T19:19:50","guid":{"rendered":"https:\/\/www.hausarztpraxis-langnaese.de\/?page_id=120"},"modified":"2020-01-28T22:47:04","modified_gmt":"2020-01-28T21:47:04","slug":"impressum","status":"publish","type":"page","link":"https:\/\/www.hausarztpraxis-langnaese.de\/index.php\/impressum\/","title":{"rendered":"Impressum"},"content":{"rendered":"<section  class='av_textblock_section av-k5wu63da-36e74432998b05f3eee5b13949047dda'  itemscope=\"itemscope\" itemtype=\"https:\/\/schema.org\/CreativeWork\" ><div class='avia_textblock'  itemprop=\"text\" ><h1>Impressum<\/h1>\n<p><strong>Name<\/strong><br \/>\nHausarztpraxis Langnaese Markkleeberg<br \/>\nKatrin Langnaese<\/p>\n<p><strong>Berufsbezeichnung<\/strong><br \/>\nFach\u00e4rztin f\u00fcr Innere Medizin und f\u00fcr Notfallmedizin, verliehen durch die Landes\u00e4rztekammer Sachsen.<\/p>\n<p><strong>Adresse<\/strong><br \/>\nKochstra\u00dfe 66<br \/>\n04275 Leipzig<\/p>\n<p><strong>Kontakt<\/strong><br \/>\nTelefon: +49 (3 41) 3010500<br \/>\nFax: +49 (3 41) 30691124<br \/>\nE-Mail: info@hausarztpraxis-langnaese.de<br \/>\nInternet: www.hausarztpraxis-langnaese.de<\/p>\n<p><strong>Zust\u00e4ndige Kassen\u00e4rztliche Vereinigung<\/strong><br \/>\nKassen\u00e4rztliche Vereinigung Sachsen, Bezirksgesch\u00e4ftsstelle Leipzig, Braunstr. 16, 04347 Leipzig; www.kvs-sachsen.de<\/p>\n<p><strong>Zust\u00e4ndige Kammer<\/strong><br \/>\nS\u00e4chsische Landes\u00e4rztekammer K\u00f6rperschaft des \u00f6ffentlichen Rechts, Sch\u00fctzenh\u00f6he 16, 01099 Dresden, www.slaek.de<\/p>\n<p><strong>Berufsrecht<\/strong><br \/>\nDie \u00e4rztliche T\u00e4tigkeit unterliegt der Berufsordnung der s\u00e4chsischen Landes\u00e4rztekammer<\/p>\n<p>Ich besitze die Berechtigung f\u00fcr die Durchf\u00fchrung von Sonografien Schilddr\u00fcse, Thorax und Abdomen, und nehme am Notarztdienst teil.<br \/>\nNeben der Ultraschalldiagnostik werde ich Langzeit-EKG-Untersuchungen und Lungenfunktionspr\u00fcfungen anbieten.<\/p>\n<\/div><\/section>\n","protected":false},"excerpt":{"rendered":"","protected":false},"author":1,"featured_media":0,"parent":0,"menu_order":0,"comment_status":"closed","ping_status":"closed","template":"","meta":[],"yoast_head":"<!-- This site is optimized with the Yoast SEO plugin v19.11 - https:\/\/yoast.com\/wordpress\/plugins\/seo\/ -->\n<title>Impressum - Hausarztpraxis Langnaese<\/title>\n<meta name=\"robots\" content=\"index, follow, max-snippet:-1, max-image-preview:large, max-video-preview:-1\" \/>\n<link rel=\"canonical\" href=\"https:\/\/www.hausarztpraxis-langnaese.de\/index.php\/impressum\/\" \/>\n<meta property=\"og:locale\" content=\"de_DE\" \/>\n<meta property=\"og:type\" content=\"article\" \/>\n<meta property=\"og:title\" content=\"Impressum - Hausarztpraxis Langnaese\" \/>\n<meta property=\"og:url\" content=\"https:\/\/www.hausarztpraxis-langnaese.de\/index.php\/impressum\/\" \/>\n<meta property=\"og:site_name\" content=\"Hausarztpraxis Langnaese\" \/>\n<meta property=\"article:modified_time\" content=\"2020-01-28T21:47:04+00:00\" \/>\n<meta name=\"twitter:card\" content=\"summary_large_image\" \/>\n<meta name=\"twitter:label1\" content=\"Gesch\u00e4tzte Lesezeit\" \/>\n\t<meta name=\"twitter:data1\" content=\"1\u00a0Minute\" \/>\n<script type=\"application\/ld+json\" class=\"yoast-schema-graph\">{\"@context\":\"https:\/\/schema.org\",\"@graph\":[{\"@type\":\"WebPage\",\"@id\":\"https:\/\/www.hausarztpraxis-langnaese.de\/index.php\/impressum\/\",\"url\":\"https:\/\/www.hausarztpraxis-langnaese.de\/index.php\/impressum\/\",\"name\":\"Impressum - Hausarztpraxis Langnaese\",\"isPartOf\":{\"@id\":\"https:\/\/www.hausarztpraxis-langnaese.de\/#website\"},\"datePublished\":\"2020-01-27T19:19:50+00:00\",\"dateModified\":\"2020-01-28T21:47:04+00:00\",\"breadcrumb\":{\"@id\":\"https:\/\/www.hausarztpraxis-langnaese.de\/index.php\/impressum\/#breadcrumb\"},\"inLanguage\":\"de\",\"potentialAction\":[{\"@type\":\"ReadAction\",\"target\":[\"https:\/\/www.hausarztpraxis-langnaese.de\/index.php\/impressum\/\"]}]},{\"@type\":\"BreadcrumbList\",\"@id\":\"https:\/\/www.hausarztpraxis-langnaese.de\/index.php\/impressum\/#breadcrumb\",\"itemListElement\":[{\"@type\":\"ListItem\",\"position\":1,\"name\":\"Startseite\",\"item\":\"https:\/\/www.hausarztpraxis-langnaese.de\/\"},{\"@type\":\"ListItem\",\"position\":2,\"name\":\"Impressum\"}]},{\"@type\":\"WebSite\",\"@id\":\"https:\/\/www.hausarztpraxis-langnaese.de\/#website\",\"url\":\"https:\/\/www.hausarztpraxis-langnaese.de\/\",\"name\":\"Hausarztpraxis Langnaese\",\"description\":\"Eine weitere WordPress-Website\",\"potentialAction\":[{\"@type\":\"SearchAction\",\"target\":{\"@type\":\"EntryPoint\",\"urlTemplate\":\"https:\/\/www.hausarztpraxis-langnaese.de\/?s={search_term_string}\"},\"query-input\":\"required name=search_term_string\"}],\"inLanguage\":\"de\"}]}<\/script>\n<!-- \/ Yoast SEO plugin. -->","yoast_head_json":{"title":"Impressum - Hausarztpraxis Langnaese","robots":{"index":"index","follow":"follow","max-snippet":"max-snippet:-1","max-image-preview":"max-image-preview:large","max-video-preview":"max-video-preview:-1"},"canonical":"https:\/\/www.hausarztpraxis-langnaese.de\/index.php\/impressum\/","og_locale":"de_DE","og_type":"article","og_title":"Impressum - Hausarztpraxis Langnaese","og_url":"https:\/\/www.hausarztpraxis-langnaese.de\/index.php\/impressum\/","og_site_name":"Hausarztpraxis Langnaese","article_modified_time":"2020-01-28T21:47:04+00:00","twitter_card":"summary_large_image","twitter_misc":{"Gesch\u00e4tzte Lesezeit":"1\u00a0Minute"},"schema":{"@context":"https:\/\/schema.org","@graph":[{"@type":"WebPage","@id":"https:\/\/www.hausarztpraxis-langnaese.de\/index.php\/impressum\/","url":"https:\/\/www.hausarztpraxis-langnaese.de\/index.php\/impressum\/","name":"Impressum - Hausarztpraxis Langnaese","isPartOf":{"@id":"https:\/\/www.hausarztpraxis-langnaese.de\/#website"},"datePublished":"2020-01-27T19:19:50+00:00","dateModified":"2020-01-28T21:47:04+00:00","breadcrumb":{"@id":"https:\/\/www.hausarztpraxis-langnaese.de\/index.php\/impressum\/#breadcrumb"},"inLanguage":"de","potentialAction":[{"@type":"ReadAction","target":["https:\/\/www.hausarztpraxis-langnaese.de\/index.php\/impressum\/"]}]},{"@type":"BreadcrumbList","@id":"https:\/\/www.hausarztpraxis-langnaese.de\/index.php\/impressum\/#breadcrumb","itemListElement":[{"@type":"ListItem","position":1,"name":"Startseite","item":"https:\/\/www.hausarztpraxis-langnaese.de\/"},{"@type":"ListItem","position":2,"name":"Impressum"}]},{"@type":"WebSite","@id":"https:\/\/www.hausarztpraxis-langnaese.de\/#website","url":"https:\/\/www.hausarztpraxis-langnaese.de\/","name":"Hausarztpraxis Langnaese","description":"Eine weitere WordPress-Website","potentialAction":[{"@type":"SearchAction","target":{"@type":"EntryPoint","urlTemplate":"https:\/\/www.hausarztpraxis-langnaese.de\/?s={search_term_string}"},"query-input":"required name=search_term_string"}],"inLanguage":"de"}]}},"_links":{"self":[{"href":"https:\/\/www.hausarztpraxis-langnaese.de\/index.php\/wp-json\/wp\/v2\/pages\/120"}],"collection":[{"href":"https:\/\/www.hausarztpraxis-langnaese.de\/index.php\/wp-json\/wp\/v2\/pages"}],"about":[{"href":"https:\/\/www.hausarztpraxis-langnaese.de\/index.php\/wp-json\/wp\/v2\/types\/page"}],"author":[{"embeddable":true,"href":"https:\/\/www.hausarztpraxis-langnaese.de\/index.php\/wp-json\/wp\/v2\/users\/1"}],"replies":[{"embeddable":true,"href":"https:\/\/www.hausarztpraxis-langnaese.de\/index.php\/wp-json\/wp\/v2\/comments?post=120"}],"version-history":[{"count":0,"href":"https:\/\/www.hausarztpraxis-langnaese.de\/index.php\/wp-json\/wp\/v2\/pages\/120\/revisions"}],"wp:attachment":[{"href":"https:\/\/www.hausarztpraxis-langnaese.de\/index.php\/wp-json\/wp\/v2\/media?parent=120"}],"curies":[{"name":"wp","href":"https:\/\/api.w.org\/{rel}","templated":true}]}}