{"id":3,"date":"2020-01-15T17:28:48","date_gmt":"2020-01-15T16:28:48","guid":{"rendered":"https:\/\/www.hausarztpraxis-langnaese.de\/?page_id=3"},"modified":"2025-01-18T15:58:54","modified_gmt":"2025-01-18T14:58:54","slug":"datenschutzerklaerung","status":"publish","type":"page","link":"https:\/\/www.hausarztpraxis-langnaese.de\/index.php\/datenschutzerklaerung\/","title":{"rendered":"Datenschutzerkl\u00e4rung"},"content":{"rendered":"<section  class='av_textblock_section av-k5y4audg-51a51c062dd356c740647a98d3912704'  itemscope=\"itemscope\" itemtype=\"https:\/\/schema.org\/CreativeWork\" ><div class='avia_textblock'  itemprop=\"text\" ><h1>Datenschutzerkl\u00e4rung<\/h1>\n<p>Verantwortlicher im Sinne der Datenschutzgesetze, insbesondere der EU-Datenschutzgrundverordnung (DSGVO), ist:<\/p>\n<p>Katrin Langnaese<\/p>\n<h2>Ihre Betroffenenrechte<\/h2>\n<p>Unter den angegebenen Kontaktdaten unseres Datenschutzbeauftragten k\u00f6nnen Sie jederzeit folgende Rechte aus\u00fcben:<\/p>\n<ul>\n<li>Auskunft \u00fcber Ihre bei uns gespeicherten Daten und deren Verarbeitung (Art. 15 DSGVO),<\/li>\n<li>Berichtigung unrichtiger personenbezogener Daten (Art. 16 DSGVO),<\/li>\n<li>L\u00f6schung Ihrer bei uns gespeicherten Daten (Art. 17 DSGVO),<\/li>\n<li>Einschr\u00e4nkung der Datenverarbeitung, sofern wir Ihre Daten aufgrund gesetzlicher Pflichten noch nicht l\u00f6schen d\u00fcrfen (Art. 18 DSGVO),<\/li>\n<li>Widerspruch gegen die Verarbeitung Ihrer Daten bei uns (Art. 21 DSGVO) und<\/li>\n<li>Daten\u00fcbertragbarkeit, sofern Sie in die Datenverarbeitung eingewilligt haben oder einen Vertrag mit uns abgeschlossen haben (Art. 20 DSGVO).<\/li>\n<\/ul>\n<p>Sofern Sie uns eine Einwilligung erteilt haben, k\u00f6nnen Sie diese jederzeit mit Wirkung f\u00fcr die Zukunft widerrufen.<\/p>\n<p>Sie k\u00f6nnen sich jederzeit mit einer Beschwerde an eine Aufsichtsbeh\u00f6rde wenden, z. B. an die zust\u00e4ndige Aufsichtsbeh\u00f6rde des Bundeslands Ihres Wohnsitzes oder an die f\u00fcr uns als verantwortliche Stelle zust\u00e4ndige Beh\u00f6rde.<\/p>\n<p>Eine Liste der Aufsichtsbeh\u00f6rden (f\u00fcr den nicht\u00f6ffentlichen Bereich) mit Anschrift finden Sie unter: <a href=\"https:\/\/www.bfdi.bund.de\/DE\/Infothek\/Anschriften_Links\/anschriften_links-node.html\" target=\"_blank\" rel=\"nofollow noopener\">https:\/\/www.bfdi.bund.de\/DE\/Infothek\/Anschriften_Links\/anschriften_links-node.html<\/a>.<\/p>\n<h2>Kontaktformular<\/h2>\n<h3>Art und Zweck der Verarbeitung:<\/h3>\n<p>Die von Ihnen eingegebenen Daten werden zum Zweck der individuellen Kommunikation mit Ihnen gespeichert. Hierf\u00fcr ist die Angabe einer validen E-Mail-Adresse sowie Ihres Namens erforderlich. Diese dient der Zuordnung der Anfrage und der anschlie\u00dfenden Beantwortung derselben. Die Angabe weiterer Daten ist optional.<\/p>\n<h3>Rechtsgrundlage:<\/h3>\n<p>Die Verarbeitung der in das Kontaktformular eingegebenen Daten erfolgt auf der Grundlage eines berechtigten Interesses (Art. 6 Abs. 1 lit. f DSGVO).<\/p>\n<p>Durch Bereitstellung des Kontaktformulars m\u00f6chten wir Ihnen eine unkomplizierte Kontaktaufnahme erm\u00f6glichen. Ihre gemachten Angaben werden zum Zwecke der Bearbeitung der Anfrage sowie f\u00fcr m\u00f6gliche Anschlussfragen gespeichert.<\/p>\n<p>Sofern Sie mit uns Kontakt aufnehmen, um ein Angebot zu erfragen, erfolgt die Verarbeitung der in das Kontaktformular eingegebenen Daten zur Durchf\u00fchrung vorvertraglicher Ma\u00dfnahmen (Art. 6 Abs. 1 lit. b DSGVO).<\/p>\n<h3>Empf\u00e4nger:<\/h3>\n<p>Empf\u00e4nger der Daten sind ggf. Auftragsverarbeiter.<\/p>\n<h3>Speicherdauer:<\/h3>\n<p>Daten werden sp\u00e4testens 6 Monate nach Bearbeitung der Anfrage gel\u00f6scht.<\/p>\n<p>Sofern es zu einem Vertragsverh\u00e4ltnis kommt, unterliegen wir den gesetzlichen Aufbewahrungsfristen nach HGB und l\u00f6schen Ihre Daten nach Ablauf dieser Fristen.<\/p>\n<h3>Bereitstellung vorgeschrieben oder erforderlich:<\/h3>\n<p>Die Bereitstellung Ihrer personenbezogenen Daten erfolgt freiwillig. Wir k\u00f6nnen Ihre Anfrage jedoch nur bearbeiten, sofern Sie uns Ihren Namen, Ihre E-Mail-Adresse und den Grund der Anfrage mitteilen.<\/p>\n<h2>x.webtermin (medatixx)<\/h2>\n<p>F\u00fcr unseren Online-Terminservice nutzen wir die Funktionen von x.webtermin, einem Tool der medatixx GmbH &amp; Co. KG, Im Kappelhof 1, 65343 Eltville\/Rhein, Deutschland im Rahmen der Vereinbarung zur Auftragsdatenverarbeitung.<\/p>\n<p>medatixx GmbH &amp; Co. KG, Im Kappelhof 1, 65343 Eltville\/Rhein, Deutschland<br \/>\nGesch\u00e4ftsf\u00fchrung: lens Naumann, Dr. lan Oliver Wenzel RG Wiesbaden|HRA 8835<br \/>\nEmail: info@medatixx.de<br \/>\nTelefon: 0800 0980 0980<br \/>\nDatenschutzerkl\u00e4rung: https:\/\/medatixx.de\/datenschutz<br \/>\nImpressum: https:\/\/medatixx.de\/impressum<\/p>\n<p>Dieses System stellt Ihnen freie Zeiten in unserem Terminkalender f\u00fcr Online-Buchungen zur Verf\u00fcgung. F\u00fcr die Vereinbarung eines Termins m\u00fcssen verschiedene pers\u00f6nliche Daten eingeben werden. Diese Daten werden ausschlie\u00dflich im Zusammenhang mit dem jeweils vereinbarten Termin verwendet. Wir werden bei der Anlage eines Termins automatisch informiert. Formular eingegebenen Daten werden zum Zwecke der Terminorganisation an medatixx weitergeleitet. Die Angabe personenbezogener Daten erfolgt stets auf freiwilliger Basis. Da es sich hierbei um eine externe, von medatixx gehostete Website handelt, haben wir keinen direkten Einfluss auf deren Inhalt oder diese Daten\u00fcbertragung. Um die datenschutzkonforme Verarbeitung zu gew\u00e4hrleisten, haben wir einen Vertrag \u00fcber Auftragsverarbeitung mit der medatixx GmbH &amp; Co. KG geschlossen. Mehr Informationen zum Umgang mit Nutzerdaten finden Sie in der Datenschutzerkl\u00e4rung von medatixx: https:\/\/medatixx.de\/datenschutz. Die Nutzung von x.webtermin von medatixx erfolgt im Interesse einer erleichterten Terminbuchung zur Vorstellung in der Praxis. Dies stellt ein berechtigtes Interesse im Sinne von Art. 6 Abs. 1 lit. f DSGVO dar.<\/p>\n<p>Die in das Erhebung, Nutzung und Weitergabe personenbezogener Daten: F\u00fcr die Zeit bis die Terminbuchung durch den Nutzer (Betroffener) best\u00e4tigt wurde (max. eine Stunde, danach verf\u00e4llt der Best\u00e4tigungslink) speichert medatixx die vom Nutzer eingegebenen bzw. ausgew\u00e4hlten personenbezogenen Diese Daten werden dabei nach aktuellem Stand der Technik verschl\u00fcsselt \u00fcbertragen sowie verschl\u00fcsselt gespeichert (Server in der EU). Direkt nachdem die Buchungsanfrage durch den Nutzer best\u00e4tigt wurde, werden die Daten von den medatixx Servern gel\u00f6scht und die Terminbuchung an die Praxis weitergeleitet (Transport und Ende-zu-Ende verschl\u00fcsselt).<br \/>\nPersonenbezogene Daten, welche durch die Nutzung von x.webtermin \u00fcbermittelt werden &#8211; sofern die entsprechenden Felder ausgef\u00fcllt sind: Vor- und Nachname, Geburtsdatum, Geschlecht, Versicherungsart, Hinweis an die Praxis, Neuer Patient, Arztname, Terminart, Terminanfangs- und Endzeit, E-Mail, Telefonnummer.<br \/>\nDie personenbezogenen Daten werden von medatixx erhoben, verarbeitet und genutzt, soweit dies zur Durchf\u00fchrung der angebotenen Dienstleistungen erforderlich ist.<\/p>\n<h2>Verwendung von Google Analytics<\/h2>\n<h3>Art und Zweck der Verarbeitung:<\/h3>\n<p>Diese Website benutzt Google Analytics, einen Webanalysedienst der Google LLC, 1600 Amphitheatre Parkway, Mountain View, CA 94043 USA (nachfolgend: \u201eGoogle\u201c). Google Analytics verwendet sog. \u201eCookies\u201c, also Textdateien, die auf Ihrem Computer gespeichert werden und die eine Analyse der Benutzung der Webseite durch Sie erm\u00f6glichen. Die durch das Cookie erzeugten Informationen \u00fcber Ihre Benutzung dieser Webseite werden in der Regel an einen Server von Google in den USA \u00fcbertragen und dort gespeichert. Aufgrund der Aktivierung der IP-Anonymisierung auf diesen Webseiten, wird Ihre IP-Adresse von Google jedoch innerhalb von Mitgliedstaaten der Europ\u00e4ischen Union oder in anderen Vertragsstaaten des Abkommens \u00fcber den Europ\u00e4ischen Wirtschaftsraum zuvor gek\u00fcrzt. Nur in Ausnahmef\u00e4llen wird die volle IP-Adresse an einen Server von Google in den USA \u00fcbertragen und dort gek\u00fcrzt. Im Auftrag des Betreibers dieser Website wird Google diese Informationen benutzen, um Ihre Nutzung der Webseite auszuwerten, um Reports \u00fcber die Webseitenaktivit\u00e4ten zusammenzustellen und um weitere mit der Websitenutzung und der Internetnutzung verbundene Dienstleistungen gegen\u00fcber dem Webseitenbetreiber zu erbringen. Die im Rahmen von Google Analytics von Ihrem Browser \u00fcbermittelte IP-Adresse wird nicht mit anderen Daten von Google zusammengef\u00fchrt.<\/p>\n<p>Die Zwecke der Datenverarbeitung liegen in der Auswertung der Nutzung der Website und in der Zusammenstellung von Reports \u00fcber Aktivit\u00e4ten auf der Website. Auf Grundlage der Nutzung der Website und des Internets sollen dann weitere verbundene Dienstleistungen erbracht werden.<\/p>\n<h3>Rechtsgrundlage:<\/h3>\n<p>Die Verarbeitung der Daten erfolgt auf Grundlage einer Einwilligung des Nutzers (Art. 6 Abs. 1 lit. a DSGVO).<\/p>\n<h3>Empf\u00e4nger:<\/h3>\n<p>Empf\u00e4nger der Daten ist Google als Auftragsverarbeiter. Hierf\u00fcr haben wir mit Google den entsprechenden Auftragsverarbeitungsvertrag abgeschlossen.<\/p>\n<h3>Speicherdauer:<\/h3>\n<p>Die L\u00f6schung der Daten erfolgt, sobald diese f\u00fcr unsere Aufzeichnungszwecke nicht mehr erforderlich sind.<\/p>\n<h3>Drittlandtransfer:<\/h3>\n<p>Google verarbeitet Ihre Daten in den USA und hat sich dem EU_US Privacy Shield unterworfen <a href=\"https:\/\/www.privacyshield.gov\/EU-US-Framework\">https:\/\/www.privacyshield.gov\/EU-US-Framework<\/a>.<\/p>\n<h3>Bereitstellung vorgeschrieben oder erforderlich:<\/h3>\n<p>Die Bereitstellung Ihrer personenbezogenen Daten erfolgt freiwillig, allein auf Basis Ihrer Einwilligung. Sofern Sie den Zugriff unterbinden, kann es hierdurch zu Funktionseinschr\u00e4nkungen auf der Website kommen.<\/p>\n<h3>Widerruf der Einwilligung:<\/h3>\n<p>Sie k\u00f6nnen die Speicherung der Cookies durch eine entsprechende Einstellung Ihrer Browser-Software verhindern; wir weisen Sie jedoch darauf hin, dass Sie in diesem Fall gegebenenfalls nicht s\u00e4mtliche Funktionen dieser Website vollumf\u00e4nglich werden nutzen k\u00f6nnen. Sie k\u00f6nnen dar\u00fcber hinaus die Erfassung der durch das Cookie erzeugten und auf Ihre Nutzung der Webseite bezogenen Daten (inkl. Ihrer IP-Adresse) an Google sowie die Verarbeitung dieser Daten durch Google verhindern, indem sie das unter dem folgenden Link verf\u00fcgbare Browser-Plugin herunterladen und installieren: <a href=\"http:\/\/tools.google.com\/dlpage\/gaoptout?hl=de\">Browser Add On zur Deaktivierung von Google Analytics<\/a>.<\/p>\n<p>Zus\u00e4tzlich oder als Alternative zum Browser-Add-On k\u00f6nnen Sie das Tracking durch Google Analytics auf unseren Seiten unterbinden, indem Sie <a title=\"Google Analytics Opt-Out-Cookie setzen\" href=\"#\">diesen Link anklicken<\/a>. Dabei wird ein Opt-out-Cookie auf Ihrem Ger\u00e4t installiert. Damit wird die Erfassung durch Google Analytics f\u00fcr diese Website und f\u00fcr diesen Browser zuk\u00fcnftig verhindert, so lange das Cookie in Ihrem Browser installiert bleibt.<\/p>\n<h3>Profiling:<\/h3>\n<p>Mit Hilfe des Tracking-Tools Google Analytics kann das Verhalten der Besucher der Webseite bewertet und die Interessen analysiert werden. Hierzu erstellen wir ein pseudonymes Nutzerprofil.<\/p>\n<h2>Verwendung von Scriptbibliotheken (Google Webfonts)<\/h2>\n<h3>Art und Zweck der Verarbeitung:<\/h3>\n<p>Um unsere Inhalte browser\u00fcbergreifend korrekt und grafisch ansprechend darzustellen, verwenden wir auf dieser Website \u201eGoogle Web Fonts\u201c der Google LLC (1600 Amphitheatre Parkway, Mountain View, CA 94043, USA; nachfolgend \u201eGoogle\u201c) zur Darstellung von Schriften.<\/p>\n<p>Die Datenschutzrichtlinie des Bibliothekbetreibers Google finden Sie hier: <a href=\"https:\/\/www.google.com\/policies\/privacy\/\">https:\/\/www.google.com\/policies\/privacy\/<\/a><\/p>\n<h3>Rechtsgrundlage:<\/h3>\n<p>Rechtsgrundlage f\u00fcr die Einbindung von Google Webfonts und dem damit verbundenen Datentransfer zu Google ist Ihre Einwilligung (Art. 6 Abs. 1 lit. a DSGVO).<\/p>\n<h3>Empf\u00e4nger:<\/h3>\n<p>Der Aufruf von Scriptbibliotheken oder Schriftbibliotheken l\u00f6st automatisch eine Verbindung zum Betreiber der Bibliothek aus. Dabei ist es theoretisch m\u00f6glich \u2013 aktuell allerdings auch unklar ob und ggf. zu welchen Zwecken \u2013 dass der Betreiber in diesem Fall Google Daten erhebt.<\/p>\n<h3>Speicherdauer:<\/h3>\n<p>Wir erheben keine personenbezogenen Daten, durch die Einbindung von Google Webfonts.<\/p>\n<p>Weitere Informationen zu Google Web Fonts finden Sie unter <a href=\"https:\/\/developers.google.com\/fonts\/faq\">https:\/\/developers.google.com\/fonts\/faq<\/a> und in der Datenschutzerkl\u00e4rung von Google: <a href=\"https:\/\/www.google.com\/policies\/privacy\/\">https:\/\/www.google.com\/policies\/privacy\/<\/a>.<\/p>\n<h3>Drittlandtransfer:<\/h3>\n<p>Google verarbeitet Ihre Daten in den USA und hat sich dem EU_US Privacy Shield unterworfen <a href=\"https:\/\/www.privacyshield.gov\/EU-US-Framework\">https:\/\/www.privacyshield.gov\/EU-US-Framework<\/a>.<\/p>\n<h3>Bereitstellung vorgeschrieben oder erforderlich:<\/h3>\n<p>Die Bereitstellung der personenbezogenen Daten ist weder gesetzlich, noch vertraglich vorgeschrieben. Allerdings kann ggfs. die korrekte Darstellung der Inhalte durch Standardschriften nicht m\u00f6glich sein.<\/p>\n<h3>Widerruf der Einwilligung:<\/h3>\n<p>Zur Darstellung der Inhalte wird regelm\u00e4\u00dfig die Programmiersprache JavaScript verwendet. Sie k\u00f6nnen der Datenverarbeitung daher widersprechen, indem Sie die Ausf\u00fchrung von JavaScript in Ihrem Browser deaktivieren oder einen JavaScript-Blocker installieren. Bitte beachten Sie, dass es hierdurch zu Funktionseinschr\u00e4nkungen auf der Website kommen kann.<\/p>\n<h2>SSL-Verschl\u00fcsselung<\/h2>\n<p>Um die Sicherheit Ihrer Daten bei der \u00dcbertragung zu sch\u00fctzen, verwenden wir dem aktuellen Stand der Technik entsprechende Verschl\u00fcsselungsverfahren (z. B. SSL) \u00fcber HTTPS.<\/p>\n<h2>\u00c4nderung unserer Datenschutzbestimmungen<\/h2>\n<p>Wir behalten uns vor, diese Datenschutzerkl\u00e4rung anzupassen, damit sie stets den aktuellen rechtlichen Anforderungen entspricht oder um \u00c4nderungen unserer Leistungen in der Datenschutzerkl\u00e4rung umzusetzen, z.B. bei der Einf\u00fchrung neuer Services. F\u00fcr Ihren erneuten Besuch gilt dann die neue Datenschutzerkl\u00e4rung.<\/p>\n<h2>Fragen an den Datenschutzbeauftragten<\/h2>\n<p>Wenn Sie Fragen zum Datenschutz haben, schreiben Sie uns bitte eine E-Mail oder wenden Sie sich direkt an die f\u00fcr den Datenschutz verantwortliche Person in unserer Organisation:<\/p>\n<p><em>Die Datenschutzerkl\u00e4rung wurde mithilfe der activeMind AG erstellt, den Experten f\u00fcr <a href=\"https:\/\/www.activemind.de\/datenschutz\/datenschutzhinweis-generator\/\" target=\"_blank\" rel=\"noopener\">externe Datenschutzbeauftragte<\/a> (Version #2019-04-10).<\/em><\/p>\n<\/div><\/section>\n","protected":false},"excerpt":{"rendered":"","protected":false},"author":1,"featured_media":0,"parent":0,"menu_order":0,"comment_status":"closed","ping_status":"open","template":"","meta":[],"yoast_head":"<!-- This site is optimized with the Yoast SEO plugin v19.11 - https:\/\/yoast.com\/wordpress\/plugins\/seo\/ -->\n<title>Datenschutzerkl\u00e4rung - Hausarztpraxis Langnaese<\/title>\n<meta name=\"robots\" content=\"index, follow, max-snippet:-1, max-image-preview:large, max-video-preview:-1\" \/>\n<link rel=\"canonical\" href=\"https:\/\/www.hausarztpraxis-langnaese.de\/index.php\/datenschutzerklaerung\/\" \/>\n<meta property=\"og:locale\" content=\"de_DE\" \/>\n<meta property=\"og:type\" content=\"article\" \/>\n<meta property=\"og:title\" content=\"Datenschutzerkl\u00e4rung - Hausarztpraxis Langnaese\" \/>\n<meta property=\"og:url\" content=\"https:\/\/www.hausarztpraxis-langnaese.de\/index.php\/datenschutzerklaerung\/\" \/>\n<meta property=\"og:site_name\" content=\"Hausarztpraxis Langnaese\" \/>\n<meta property=\"article:modified_time\" content=\"2025-01-18T14:58:54+00:00\" \/>\n<meta name=\"twitter:card\" content=\"summary_large_image\" \/>\n<meta name=\"twitter:label1\" content=\"Gesch\u00e4tzte Lesezeit\" \/>\n\t<meta name=\"twitter:data1\" content=\"9\u00a0Minuten\" \/>\n<script type=\"application\/ld+json\" class=\"yoast-schema-graph\">{\"@context\":\"https:\/\/schema.org\",\"@graph\":[{\"@type\":\"WebPage\",\"@id\":\"https:\/\/www.hausarztpraxis-langnaese.de\/index.php\/datenschutzerklaerung\/\",\"url\":\"https:\/\/www.hausarztpraxis-langnaese.de\/index.php\/datenschutzerklaerung\/\",\"name\":\"Datenschutzerkl\u00e4rung - Hausarztpraxis Langnaese\",\"isPartOf\":{\"@id\":\"https:\/\/www.hausarztpraxis-langnaese.de\/#website\"},\"datePublished\":\"2020-01-15T16:28:48+00:00\",\"dateModified\":\"2025-01-18T14:58:54+00:00\",\"breadcrumb\":{\"@id\":\"https:\/\/www.hausarztpraxis-langnaese.de\/index.php\/datenschutzerklaerung\/#breadcrumb\"},\"inLanguage\":\"de\",\"potentialAction\":[{\"@type\":\"ReadAction\",\"target\":[\"https:\/\/www.hausarztpraxis-langnaese.de\/index.php\/datenschutzerklaerung\/\"]}]},{\"@type\":\"BreadcrumbList\",\"@id\":\"https:\/\/www.hausarztpraxis-langnaese.de\/index.php\/datenschutzerklaerung\/#breadcrumb\",\"itemListElement\":[{\"@type\":\"ListItem\",\"position\":1,\"name\":\"Startseite\",\"item\":\"https:\/\/www.hausarztpraxis-langnaese.de\/\"},{\"@type\":\"ListItem\",\"position\":2,\"name\":\"Datenschutzerkl\u00e4rung\"}]},{\"@type\":\"WebSite\",\"@id\":\"https:\/\/www.hausarztpraxis-langnaese.de\/#website\",\"url\":\"https:\/\/www.hausarztpraxis-langnaese.de\/\",\"name\":\"Hausarztpraxis Langnaese\",\"description\":\"Eine weitere WordPress-Website\",\"potentialAction\":[{\"@type\":\"SearchAction\",\"target\":{\"@type\":\"EntryPoint\",\"urlTemplate\":\"https:\/\/www.hausarztpraxis-langnaese.de\/?s={search_term_string}\"},\"query-input\":\"required name=search_term_string\"}],\"inLanguage\":\"de\"}]}<\/script>\n<!-- \/ Yoast SEO plugin. -->","yoast_head_json":{"title":"Datenschutzerkl\u00e4rung - Hausarztpraxis Langnaese","robots":{"index":"index","follow":"follow","max-snippet":"max-snippet:-1","max-image-preview":"max-image-preview:large","max-video-preview":"max-video-preview:-1"},"canonical":"https:\/\/www.hausarztpraxis-langnaese.de\/index.php\/datenschutzerklaerung\/","og_locale":"de_DE","og_type":"article","og_title":"Datenschutzerkl\u00e4rung - Hausarztpraxis Langnaese","og_url":"https:\/\/www.hausarztpraxis-langnaese.de\/index.php\/datenschutzerklaerung\/","og_site_name":"Hausarztpraxis Langnaese","article_modified_time":"2025-01-18T14:58:54+00:00","twitter_card":"summary_large_image","twitter_misc":{"Gesch\u00e4tzte Lesezeit":"9\u00a0Minuten"},"schema":{"@context":"https:\/\/schema.org","@graph":[{"@type":"WebPage","@id":"https:\/\/www.hausarztpraxis-langnaese.de\/index.php\/datenschutzerklaerung\/","url":"https:\/\/www.hausarztpraxis-langnaese.de\/index.php\/datenschutzerklaerung\/","name":"Datenschutzerkl\u00e4rung - Hausarztpraxis Langnaese","isPartOf":{"@id":"https:\/\/www.hausarztpraxis-langnaese.de\/#website"},"datePublished":"2020-01-15T16:28:48+00:00","dateModified":"2025-01-18T14:58:54+00:00","breadcrumb":{"@id":"https:\/\/www.hausarztpraxis-langnaese.de\/index.php\/datenschutzerklaerung\/#breadcrumb"},"inLanguage":"de","potentialAction":[{"@type":"ReadAction","target":["https:\/\/www.hausarztpraxis-langnaese.de\/index.php\/datenschutzerklaerung\/"]}]},{"@type":"BreadcrumbList","@id":"https:\/\/www.hausarztpraxis-langnaese.de\/index.php\/datenschutzerklaerung\/#breadcrumb","itemListElement":[{"@type":"ListItem","position":1,"name":"Startseite","item":"https:\/\/www.hausarztpraxis-langnaese.de\/"},{"@type":"ListItem","position":2,"name":"Datenschutzerkl\u00e4rung"}]},{"@type":"WebSite","@id":"https:\/\/www.hausarztpraxis-langnaese.de\/#website","url":"https:\/\/www.hausarztpraxis-langnaese.de\/","name":"Hausarztpraxis Langnaese","description":"Eine weitere WordPress-Website","potentialAction":[{"@type":"SearchAction","target":{"@type":"EntryPoint","urlTemplate":"https:\/\/www.hausarztpraxis-langnaese.de\/?s={search_term_string}"},"query-input":"required name=search_term_string"}],"inLanguage":"de"}]}},"_links":{"self":[{"href":"https:\/\/www.hausarztpraxis-langnaese.de\/index.php\/wp-json\/wp\/v2\/pages\/3"}],"collection":[{"href":"https:\/\/www.hausarztpraxis-langnaese.de\/index.php\/wp-json\/wp\/v2\/pages"}],"about":[{"href":"https:\/\/www.hausarztpraxis-langnaese.de\/index.php\/wp-json\/wp\/v2\/types\/page"}],"author":[{"embeddable":true,"href":"https:\/\/www.hausarztpraxis-langnaese.de\/index.php\/wp-json\/wp\/v2\/users\/1"}],"replies":[{"embeddable":true,"href":"https:\/\/www.hausarztpraxis-langnaese.de\/index.php\/wp-json\/wp\/v2\/comments?post=3"}],"version-history":[{"count":1,"href":"https:\/\/www.hausarztpraxis-langnaese.de\/index.php\/wp-json\/wp\/v2\/pages\/3\/revisions"}],"predecessor-version":[{"id":494,"href":"https:\/\/www.hausarztpraxis-langnaese.de\/index.php\/wp-json\/wp\/v2\/pages\/3\/revisions\/494"}],"wp:attachment":[{"href":"https:\/\/www.hausarztpraxis-langnaese.de\/index.php\/wp-json\/wp\/v2\/media?parent=3"}],"curies":[{"name":"wp","href":"https:\/\/api.w.org\/{rel}","templated":true}]}}